{"id":734,"date":"2023-01-20T10:42:46","date_gmt":"2023-01-20T09:42:46","guid":{"rendered":"https:\/\/noufoc.cat\/producte\/rocal-drop\/"},"modified":"2023-01-20T10:44:06","modified_gmt":"2023-01-20T09:44:06","slug":"rocal-drop","status":"publish","type":"product","link":"https:\/\/noufoc.cat\/es\/producte\/rocal-drop\/","title":{"rendered":"ROCAL DROP"},"content":{"rendered":"<div class=\"fusion-fullwidth fullwidth-box fusion-builder-row-1 fusion-flex-container nonhundred-percent-fullwidth non-hundred-percent-height-scrolling\" style=\"--awb-border-radius-top-left:0px;--awb-border-radius-top-right:0px;--awb-border-radius-bottom-right:0px;--awb-border-radius-bottom-left:0px;\" ><div class=\"fusion-builder-row fusion-row fusion-flex-align-items-flex-start\" style=\"max-width:1248px;margin-left: calc(-4% \/ 2 );margin-right: calc(-4% \/ 2 );\"><div class=\"fusion-layout-column fusion_builder_column fusion-builder-column-0 fusion_builder_column_1_3 1_3 fusion-flex-column\" style=\"--awb-bg-size:cover;--awb-width-large:33.333333333333%;--awb-margin-top-large:0px;--awb-spacing-right-large:5.76%;--awb-margin-bottom-large:20px;--awb-spacing-left-large:5.76%;--awb-width-medium:33.333333333333%;--awb-order-medium:0;--awb-spacing-right-medium:5.76%;--awb-spacing-left-medium:5.76%;--awb-width-small:100%;--awb-order-small:0;--awb-spacing-right-small:1.92%;--awb-spacing-left-small:1.92%;\"><div class=\"fusion-column-wrapper fusion-column-has-shadow fusion-flex-justify-content-flex-start fusion-content-layout-column\"><div class=\"fusion-text fusion-text-1\" style=\"--awb-font-size:15px;\"><p>X1320<\/p>\n<table style=\"border-collapse: collapse; width: 100%; height: 452px;\">\n<tbody>\n<tr style=\"height: 66px;\">\n<td style=\"width: 20%; height: 66px;\"><img decoding=\"async\" class=\"alignnone size-full wp-image-541\" src=\"https:\/\/noufoc.cat\/wp-content\/uploads\/2022\/11\/rendiment.jpg\" alt=\"\" width=\"60\" height=\"60\" \/><\/td>\n<td style=\"width: 80%; height: 66px;\">85,03 %<\/td>\n<\/tr>\n<tr style=\"height: 66px;\">\n<td style=\"width: 20%; height: 67px;\"><img decoding=\"async\" class=\"alignnone size-full wp-image-537\" src=\"https:\/\/noufoc.cat\/wp-content\/uploads\/2022\/11\/potencia.jpg\" alt=\"\" width=\"60\" height=\"61\" \/><\/td>\n<td style=\"width: 80%; height: 67px;\">9,9 kW<\/td>\n<\/tr>\n<tr style=\"height: 66px;\">\n<td style=\"width: 20%; height: 66px;\"><img decoding=\"async\" class=\"alignnone size-full wp-image-539\" src=\"https:\/\/noufoc.cat\/wp-content\/uploads\/2022\/11\/rang_potencia.jpg\" alt=\"\" width=\"60\" height=\"60\" \/><\/td>\n<td style=\"width: 80%; height: 66px;\">6,5 &#8211; 11,5 kW<\/td>\n<\/tr>\n<tr style=\"height: 66px;\">\n<td style=\"width: 20%; height: 66px;\"><img decoding=\"async\" class=\"alignnone size-full wp-image-521\" src=\"https:\/\/noufoc.cat\/wp-content\/uploads\/2022\/11\/emisions.jpg\" alt=\"\" width=\"61\" height=\"60\" \/><\/td>\n<td style=\"width: 80%; height: 66px;\">0,093%<\/td>\n<\/tr>\n<tr style=\"height: 66px;\">\n<td style=\"width: 20%; height: 67px;\"><img decoding=\"async\" class=\"alignnone size-full wp-image-531\" src=\"https:\/\/noufoc.cat\/wp-content\/uploads\/2022\/11\/particules.jpg\" alt=\"\" width=\"60\" height=\"61\" \/><\/td>\n<td style=\"width: 80%; height: 67px;\">9,10 mg\/Nm<sup>3<\/sup><\/td>\n<\/tr>\n<tr style=\"height: 66px;\">\n<td style=\"width: 20%; height: 24px;\"><img decoding=\"async\" class=\"alignnone size-full wp-image-527\" src=\"https:\/\/noufoc.cat\/wp-content\/uploads\/2022\/11\/nox.jpg\" alt=\"\" width=\"61\" height=\"60\" \/><\/td>\n<td style=\"width: 80%; height: 24px;\">\n<div class=\"ogc dada_icona\">68 mg\/Nm<sup>3<\/sup><\/div>\n<\/td>\n<\/tr>\n<tr style=\"height: 66px;\">\n<td style=\"width: 20%; height: 24px;\"><img decoding=\"async\" class=\"alignnone size-full wp-image-529\" src=\"https:\/\/noufoc.cat\/wp-content\/uploads\/2022\/11\/ogc.jpg\" alt=\"\" width=\"61\" height=\"60\" \/><\/td>\n<td style=\"width: 80%; height: 24px;\">56,96 mg\/Nm<sup>3<\/sup><\/td>\n<\/tr>\n<tr style=\"height: 66px;\">\n<td style=\"width: 20%; height: 24px;\"><img decoding=\"async\" class=\"alignnone size-full wp-image-533\" src=\"https:\/\/noufoc.cat\/wp-content\/uploads\/2022\/11\/pes_tronc.jpg\" alt=\"\" width=\"60\" height=\"60\" \/><\/td>\n<td style=\"width: 80%; height: 24px;\">2,6 kg\/h<\/td>\n<\/tr>\n<tr style=\"height: 66px;\">\n<td style=\"width: 20%; height: 24px;\"><img decoding=\"async\" class=\"alignnone size-full wp-image-535\" src=\"https:\/\/noufoc.cat\/wp-content\/uploads\/2022\/11\/pes.jpg\" alt=\"\" width=\"61\" height=\"60\" \/><\/td>\n<td style=\"width: 80%; height: 24px;\">148 kg<\/td>\n<\/tr>\n<tr style=\"height: 66px;\">\n<td style=\"width: 20%; height: 24px;\"><img decoding=\"async\" class=\"alignnone size-full wp-image-523\" src=\"https:\/\/noufoc.cat\/wp-content\/uploads\/2022\/11\/longitud_tronc.jpg\" alt=\"\" width=\"61\" height=\"60\" \/><\/td>\n<td style=\"width: 80%; height: 24px;\">33 cm<\/td>\n<\/tr>\n<tr style=\"height: 66px;\">\n<td style=\"width: 20%; height: 24px;\"><img decoding=\"async\" class=\"alignnone size-full wp-image-525\" src=\"https:\/\/noufoc.cat\/wp-content\/uploads\/2022\/11\/normativa_ue.jpg\" alt=\"\" width=\"60\" height=\"61\" \/><\/td>\n<td style=\"width: 80%; height: 24px;\">UNE EN-13240<\/td>\n<\/tr>\n<\/tbody>\n<\/table>\n<\/div><\/div><\/div><div class=\"fusion-layout-column fusion_builder_column fusion-builder-column-1 fusion_builder_column_2_3 2_3 fusion-flex-column\" style=\"--awb-bg-size:cover;--awb-width-large:66.666666666667%;--awb-margin-top-large:0px;--awb-spacing-right-large:2.88%;--awb-margin-bottom-large:20px;--awb-spacing-left-large:2.88%;--awb-width-medium:66.666666666667%;--awb-order-medium:0;--awb-spacing-right-medium:2.88%;--awb-spacing-left-medium:2.88%;--awb-width-small:100%;--awb-order-small:0;--awb-spacing-right-small:1.92%;--awb-spacing-left-small:1.92%;\"><div class=\"fusion-column-wrapper fusion-column-has-shadow fusion-flex-justify-content-flex-start fusion-content-layout-column\"><div class=\"fusion-image-element \" style=\"--awb-caption-title-font-family:var(--h2_typography-font-family);--awb-caption-title-font-weight:var(--h2_typography-font-weight);--awb-caption-title-font-style:var(--h2_typography-font-style);--awb-caption-title-size:var(--h2_typography-font-size);--awb-caption-title-transform:var(--h2_typography-text-transform);--awb-caption-title-line-height:var(--h2_typography-line-height);--awb-caption-title-letter-spacing:var(--h2_typography-letter-spacing);\"><span class=\" fusion-imageframe imageframe-none imageframe-1 hover-type-none\" class=\"image-magnify\" class=\"image-scroll\"><img decoding=\"async\" width=\"203\" height=\"300\" title=\"drop_1\" src=\"https:\/\/noufoc.cat\/wp-content\/uploads\/2023\/01\/drop_1-203x300.jpg\" alt class=\"img-responsive wp-image-731\" srcset=\"https:\/\/noufoc.cat\/wp-content\/uploads\/2023\/01\/drop_1-200x296.jpg 200w, https:\/\/noufoc.cat\/wp-content\/uploads\/2023\/01\/drop_1.jpg 270w\" sizes=\"(max-width: 800px) 100vw, 203px\" \/><\/span><\/div><div class=\"fusion-text fusion-text-2\"><table style=\"border-collapse: collapse; width: 100%;\">\n<tbody>\n<tr>\n<td style=\"width: 25%;\"><img decoding=\"async\" class=\"wp-image-559 alignleft\" src=\"https:\/\/noufoc.cat\/wp-content\/uploads\/2022\/11\/ener_a1.png\" alt=\"\" width=\"100\" height=\"30\" srcset=\"https:\/\/noufoc.cat\/wp-content\/uploads\/2022\/11\/ener_a1-200x59.png 200w, https:\/\/noufoc.cat\/wp-content\/uploads\/2022\/11\/ener_a1-300x89.png 300w, https:\/\/noufoc.cat\/wp-content\/uploads\/2022\/11\/ener_a1-400x119.png 400w, https:\/\/noufoc.cat\/wp-content\/uploads\/2022\/11\/ener_a1-500x148.png 500w, https:\/\/noufoc.cat\/wp-content\/uploads\/2022\/11\/ener_a1-600x178.png 600w, https:\/\/noufoc.cat\/wp-content\/uploads\/2022\/11\/ener_a1-700x208.png 700w, https:\/\/noufoc.cat\/wp-content\/uploads\/2022\/11\/ener_a1.png 768w\" sizes=\"(max-width: 100px) 100vw, 100px\" \/><\/td>\n<td style=\"width: 25%;\"><img decoding=\"async\" class=\"wp-image-555 alignleft\" src=\"https:\/\/noufoc.cat\/wp-content\/uploads\/2022\/11\/aefecc_7.png\" alt=\"\" width=\"60\" height=\"60\" srcset=\"https:\/\/noufoc.cat\/wp-content\/uploads\/2022\/11\/aefecc_7-66x66.png 66w, https:\/\/noufoc.cat\/wp-content\/uploads\/2022\/11\/aefecc_7-150x150.png 150w, https:\/\/noufoc.cat\/wp-content\/uploads\/2022\/11\/aefecc_7-200x200.png 200w, https:\/\/noufoc.cat\/wp-content\/uploads\/2022\/11\/aefecc_7-300x300.png 300w, https:\/\/noufoc.cat\/wp-content\/uploads\/2022\/11\/aefecc_7-400x399.png 400w, https:\/\/noufoc.cat\/wp-content\/uploads\/2022\/11\/aefecc_7.png 481w\" sizes=\"(max-width: 60px) 100vw, 60px\" \/><\/td>\n<td style=\"width: 25%;\"><img decoding=\"async\" class=\"wp-image-561 alignleft\" src=\"https:\/\/noufoc.cat\/wp-content\/uploads\/2022\/11\/stelle_ambientale_4.jpg\" alt=\"\" width=\"102\" height=\"34\" srcset=\"https:\/\/noufoc.cat\/wp-content\/uploads\/2022\/11\/stelle_ambientale_4-200x67.jpg 200w, https:\/\/noufoc.cat\/wp-content\/uploads\/2022\/11\/stelle_ambientale_4-300x100.jpg 300w, https:\/\/noufoc.cat\/wp-content\/uploads\/2022\/11\/stelle_ambientale_4-400x133.jpg 400w, https:\/\/noufoc.cat\/wp-content\/uploads\/2022\/11\/stelle_ambientale_4-500x167.jpg 500w, https:\/\/noufoc.cat\/wp-content\/uploads\/2022\/11\/stelle_ambientale_4.jpg 600w\" sizes=\"(max-width: 102px) 100vw, 102px\" \/><\/td>\n<td style=\"width: 25%;\"><img decoding=\"async\" class=\"alignnone wp-image-557\" src=\"https:\/\/noufoc.cat\/wp-content\/uploads\/2022\/11\/conto_termico.jpg\" alt=\"\" width=\"123\" height=\"40\" srcset=\"https:\/\/noufoc.cat\/wp-content\/uploads\/2022\/11\/conto_termico-200x65.jpg 200w, https:\/\/noufoc.cat\/wp-content\/uploads\/2022\/11\/conto_termico.jpg 228w\" sizes=\"(max-width: 123px) 100vw, 123px\" \/><\/td>\n<\/tr>\n<\/tbody>\n<\/table>\n<\/div><div ><a class=\"fusion-button button-flat button-large button-default fusion-button-default button-1 fusion-button-default-span fusion-button-default-type\" target=\"_blank\" rel=\"noopener noreferrer\" href=\"https:\/\/noufoc.cat\/wp-content\/uploads\/2023\/01\/DROP-Mides.pdf\"><span class=\"fusion-button-text\">Descargar PDF<\/span><\/a><\/div><\/div><\/div><\/div><\/div>\n","protected":false},"excerpt":{"rendered":"<p style=\"text-align: center;\">La chimenea Drop es pura emoci\u00f3n. Su dise\u00f1o vertical y sus formas redondeadas buscan adaptaci\u00f3n y, al mismo tiempo, protagonismo dentro de tu hogar; no aspiran ni a la indiferencia ni a la mimetizaci\u00f3n.<\/p>\n","protected":false},"featured_media":733,"template":"","meta":[],"product_cat":[53],"product_tag":[],"class_list":["post-734","product","type-product","status-publish","has-post-thumbnail","hentry","product_cat-chimeneas"],"yoast_head":"<!-- This site is optimized with the Yoast SEO plugin v21.7 - https:\/\/yoast.com\/wordpress\/plugins\/seo\/ -->\n<title>ROCAL DROP - Noufoc<\/title>\n<meta name=\"robots\" content=\"index, follow, max-snippet:-1, max-image-preview:large, max-video-preview:-1\" \/>\n<link rel=\"canonical\" href=\"https:\/\/noufoc.cat\/es\/producte\/rocal-drop\/\" \/>\n<meta property=\"og:locale\" content=\"es_ES\" \/>\n<meta property=\"og:type\" content=\"article\" \/>\n<meta property=\"og:title\" content=\"ROCAL DROP - Noufoc\" \/>\n<meta property=\"og:description\" content=\"La chimenea Drop es pura emoci\u00f3n. Su dise\u00f1o vertical y sus formas redondeadas buscan adaptaci\u00f3n y, al mismo tiempo, protagonismo dentro de tu hogar; no aspiran ni a la indiferencia ni a la mimetizaci\u00f3n.\" \/>\n<meta property=\"og:url\" content=\"https:\/\/noufoc.cat\/es\/producte\/rocal-drop\/\" \/>\n<meta property=\"og:site_name\" content=\"Noufoc\" \/>\n<meta property=\"article:modified_time\" content=\"2023-01-20T09:44:06+00:00\" \/>\n<meta property=\"og:image\" content=\"https:\/\/noufoc.cat\/wp-content\/uploads\/2023\/01\/Drop.jpg\" \/>\n\t<meta property=\"og:image:width\" content=\"1580\" \/>\n\t<meta property=\"og:image:height\" content=\"1040\" \/>\n\t<meta property=\"og:image:type\" content=\"image\/jpeg\" \/>\n<meta name=\"twitter:card\" content=\"summary_large_image\" \/>\n<meta name=\"twitter:label1\" content=\"Tiempo de lectura\" \/>\n\t<meta name=\"twitter:data1\" content=\"7 minutos\" \/>\n<script type=\"application\/ld+json\" class=\"yoast-schema-graph\">{\"@context\":\"https:\/\/schema.org\",\"@graph\":[{\"@type\":\"WebPage\",\"@id\":\"https:\/\/noufoc.cat\/es\/producte\/rocal-drop\/\",\"url\":\"https:\/\/noufoc.cat\/es\/producte\/rocal-drop\/\",\"name\":\"ROCAL DROP - Noufoc\",\"isPartOf\":{\"@id\":\"https:\/\/noufoc.cat\/#website\"},\"datePublished\":\"2023-01-20T09:42:46+00:00\",\"dateModified\":\"2023-01-20T09:44:06+00:00\",\"breadcrumb\":{\"@id\":\"https:\/\/noufoc.cat\/es\/producte\/rocal-drop\/#breadcrumb\"},\"inLanguage\":\"es\",\"potentialAction\":[{\"@type\":\"ReadAction\",\"target\":[\"https:\/\/noufoc.cat\/es\/producte\/rocal-drop\/\"]}]},{\"@type\":\"BreadcrumbList\",\"@id\":\"https:\/\/noufoc.cat\/es\/producte\/rocal-drop\/#breadcrumb\",\"itemListElement\":[{\"@type\":\"ListItem\",\"position\":1,\"name\":\"Inici\",\"item\":\"https:\/\/noufoc.cat\/es\/\"},{\"@type\":\"ListItem\",\"position\":2,\"name\":\"Tienda\",\"item\":\"https:\/\/noufoc.cat\/es\/tienda\/\"},{\"@type\":\"ListItem\",\"position\":3,\"name\":\"ROCAL DROP\"}]},{\"@type\":\"WebSite\",\"@id\":\"https:\/\/noufoc.cat\/#website\",\"url\":\"https:\/\/noufoc.cat\/\",\"name\":\"Noufoc\",\"description\":\"Xemeneies\",\"potentialAction\":[{\"@type\":\"SearchAction\",\"target\":{\"@type\":\"EntryPoint\",\"urlTemplate\":\"https:\/\/noufoc.cat\/?s={search_term_string}\"},\"query-input\":\"required name=search_term_string\"}],\"inLanguage\":\"es\"}]}<\/script>\n<!-- \/ Yoast SEO plugin. -->","yoast_head_json":{"title":"ROCAL DROP - Noufoc","robots":{"index":"index","follow":"follow","max-snippet":"max-snippet:-1","max-image-preview":"max-image-preview:large","max-video-preview":"max-video-preview:-1"},"canonical":"https:\/\/noufoc.cat\/es\/producte\/rocal-drop\/","og_locale":"es_ES","og_type":"article","og_title":"ROCAL DROP - Noufoc","og_description":"La chimenea Drop es pura emoci\u00f3n. Su dise\u00f1o vertical y sus formas redondeadas buscan adaptaci\u00f3n y, al mismo tiempo, protagonismo dentro de tu hogar; no aspiran ni a la indiferencia ni a la mimetizaci\u00f3n.","og_url":"https:\/\/noufoc.cat\/es\/producte\/rocal-drop\/","og_site_name":"Noufoc","article_modified_time":"2023-01-20T09:44:06+00:00","og_image":[{"width":1580,"height":1040,"url":"https:\/\/noufoc.cat\/wp-content\/uploads\/2023\/01\/Drop.jpg","type":"image\/jpeg"}],"twitter_card":"summary_large_image","twitter_misc":{"Tiempo de lectura":"7 minutos"},"schema":{"@context":"https:\/\/schema.org","@graph":[{"@type":"WebPage","@id":"https:\/\/noufoc.cat\/es\/producte\/rocal-drop\/","url":"https:\/\/noufoc.cat\/es\/producte\/rocal-drop\/","name":"ROCAL DROP - Noufoc","isPartOf":{"@id":"https:\/\/noufoc.cat\/#website"},"datePublished":"2023-01-20T09:42:46+00:00","dateModified":"2023-01-20T09:44:06+00:00","breadcrumb":{"@id":"https:\/\/noufoc.cat\/es\/producte\/rocal-drop\/#breadcrumb"},"inLanguage":"es","potentialAction":[{"@type":"ReadAction","target":["https:\/\/noufoc.cat\/es\/producte\/rocal-drop\/"]}]},{"@type":"BreadcrumbList","@id":"https:\/\/noufoc.cat\/es\/producte\/rocal-drop\/#breadcrumb","itemListElement":[{"@type":"ListItem","position":1,"name":"Inici","item":"https:\/\/noufoc.cat\/es\/"},{"@type":"ListItem","position":2,"name":"Tienda","item":"https:\/\/noufoc.cat\/es\/tienda\/"},{"@type":"ListItem","position":3,"name":"ROCAL DROP"}]},{"@type":"WebSite","@id":"https:\/\/noufoc.cat\/#website","url":"https:\/\/noufoc.cat\/","name":"Noufoc","description":"Xemeneies","potentialAction":[{"@type":"SearchAction","target":{"@type":"EntryPoint","urlTemplate":"https:\/\/noufoc.cat\/?s={search_term_string}"},"query-input":"required name=search_term_string"}],"inLanguage":"es"}]}},"_links":{"self":[{"href":"https:\/\/noufoc.cat\/es\/wp-json\/wp\/v2\/product\/734","targetHints":{"allow":["GET"]}}],"collection":[{"href":"https:\/\/noufoc.cat\/es\/wp-json\/wp\/v2\/product"}],"about":[{"href":"https:\/\/noufoc.cat\/es\/wp-json\/wp\/v2\/types\/product"}],"wp:featuredmedia":[{"embeddable":true,"href":"https:\/\/noufoc.cat\/es\/wp-json\/wp\/v2\/media\/733"}],"wp:attachment":[{"href":"https:\/\/noufoc.cat\/es\/wp-json\/wp\/v2\/media?parent=734"}],"wp:term":[{"taxonomy":"product_cat","embeddable":true,"href":"https:\/\/noufoc.cat\/es\/wp-json\/wp\/v2\/product_cat?post=734"},{"taxonomy":"product_tag","embeddable":true,"href":"https:\/\/noufoc.cat\/es\/wp-json\/wp\/v2\/product_tag?post=734"}],"curies":[{"name":"wp","href":"https:\/\/api.w.org\/{rel}","templated":true}]}}