{"id":143,"date":"2021-04-07T15:35:48","date_gmt":"2021-04-07T13:35:48","guid":{"rendered":"https:\/\/noufoc.cat\/politica-de-cookies\/"},"modified":"2023-11-06T10:30:33","modified_gmt":"2023-11-06T09:30:33","slug":"politica-de-cookies","status":"publish","type":"page","link":"https:\/\/noufoc.cat\/es\/politica-de-cookies\/","title":{"rendered":"Pol\u00edtica de Cookies"},"content":{"rendered":"<p><b>\u00bfQu\u00e9 es una cookie?<\/b><\/p>\n<p>Una cookie es un archivo de texto <b>inofensivo<\/b> que se almacena en su navegador cuando visitas cualquier p\u00e1gina web. La utilidad de la cookie es que la web sea capaz de recordar tu visita cuando vuelvas a navegar por esta p\u00e1gina. Aunque mucha gente no lo sabe, las cookies hace 20 a\u00f1os que se est\u00e1n utilizando, cuando aparecieron los primeros navegadores para la World Wide Web.<\/p>\n<p>&nbsp;<\/p>\n<p><b>\u00bfQu\u00e9 NO ES una cookie?<\/b><\/p>\n<p>No es un virus, ni un troyano, ni un gusano, ni spam, ni spyware, ni abre ventanas pop-up.<\/p>\n<p>&nbsp;<\/p>\n<p><b>\u00bfQu\u00e9 informaci\u00f3n almacena una cookie?<\/b><\/p>\n<p>Las cookies no suelen almacenar informaci\u00f3n tu sensible, como tarjetas de cr\u00e9dito o datos bancarios, fotograf\u00edas, tu DNI o informaci\u00f3n personal, etc. Los datos que guardan son de car\u00e1cter t\u00e9cnico, preferencias personales, personalizaci\u00f3n de contenidos, etc.<\/p>\n<p>El servidor web no te asocias como persona sino en su navegador web. De hecho, si navegas habitualmente con Internet Explorer y pruebas de navegar por la misma web con Firefox o Chrome ver\u00e1s que la web no se da cuenta que eres la misma persona que, en realidad, est\u00e1 asociando al navegador, no a la persona.<\/p>\n<p>&nbsp;<\/p>\n<p><b>\u00bfQu\u00e9 tipos de cookies existen?<\/b><\/p>\n<ul>\n<li aria-level=\"1\">Cookies t\u00e9cnicas: Son las m\u00e1s elementales y permiten, entre otras cosas, saber cuando est\u00e1 navegando una persona humana o una aplicaci\u00f3n automatizada, cuando navega un usuario an\u00f3nimo y un registrado, tareas b\u00e1sicas para el funcionamiento de cualquier web din\u00e1mica.<\/li>\n<li aria-level=\"1\">Cookies de an\u00e1lisis: Recogen informaci\u00f3n sobre el tipo de navegaci\u00f3n que se est\u00e1 realizando, las secciones que m\u00e1s se utilizan, productos consultados, franja horaria de uso, idioma, etc.<\/li>\n<li aria-level=\"1\">Cookies publicitarias: Muestran publicidad en funci\u00f3n de tu navegaci\u00f3n, tu pa\u00eds de procedencia, idioma, etc.<\/li>\n<\/ul>\n<p>&nbsp;<\/p>\n<p><b>\u00bfQu\u00e9 son las cookies propias y las de terceros?<\/b><\/p>\n<p>Las cookies propias son las generadas por la p\u00e1gina que est\u00e1s visitando y las de terceros son las generadas por servicios o proveedores externos tales como Facebook, Twitter, Google, etc.<\/p>\n<p>&nbsp;<\/p>\n<p><b>\u00bfQu\u00e9 pasa si desactivo las cookies?<\/b><\/p>\n<p>Porque entiendas el alcance que puede tener desactivar las cookies te mostramos unos ejemplos:<\/p>\n<ul>\n<li aria-level=\"1\">No podr\u00e1s compartir contenidos de aquella web en Facebook, Twitter o cualquier otra red social.<\/li>\n<li aria-level=\"1\">El sitio web no podr\u00e1 adaptar los contenidos a tus preferencias personales, como suele ocurrir en las tiendas en l\u00ednea.<\/li>\n<li aria-level=\"1\">No podr\u00e1s acceder al \u00e1rea personal de aquella web, como por ejemplo Mi Cuenta, Mi perfil o Mis pedidos.<\/li>\n<li aria-level=\"1\">Tiendas en l\u00ednea: Te ser\u00e1 imposible realizar compras en l\u00ednea, deber\u00e1n ser telef\u00f3nicas o visitando la tienda f\u00edsica, si dispone.<\/li>\n<li aria-level=\"1\">No ser\u00e1 posible personalizar tus preferencias geogr\u00e1ficas como la franja horaria, la divisa o el idioma.<\/li>\n<li aria-level=\"1\">El sitio web no podr\u00e1 realizar anal\u00edticas web sobre visitantes y tr\u00e1fico en la web, lo que dificultar\u00e1 que la web sea competitiva.<\/li>\n<li aria-level=\"1\">No podr\u00e1s escribir en el blog, no podr\u00e1s subir fotos, publicar comentarios, valorar o puntuar contenidos. La web tampoco podr\u00e1 saber si eres una persona humana o una aplicaci\u00f3n automatizada que publica spam.<\/li>\n<li aria-level=\"1\">No se podr\u00e1 mostrar publicidad sectorizada, lo que reducir\u00e1 los ingresos publicitarios de la web.<\/li>\n<li aria-level=\"1\">Todas las redes sociales utilizan cookies, si las desactivas no podr\u00e1s utilizar ninguna red social.<\/li>\n<\/ul>\n<p>&nbsp;<\/p>\n<p><b>\u00bfSe pueden eliminar las cookies?<\/b><\/p>\n<p>S\u00ed. No s\u00f3lo eliminar, tambi\u00e9n bloquear, de forma general o particular, para un dominio espec\u00edfico.<\/p>\n<p>Para eliminar las cookies de un sitio web tienes que ir a la configuraci\u00f3n de tu navegador y all\u00ed podr\u00e1s buscar las asociadas al dominio en cuesti\u00f3n y proceder a su eliminaci\u00f3n.<\/p>\n<p>&nbsp;<\/p>\n<p><b>Configuraci\u00f3n de cookies para los navegadores m\u00e1s populares<\/b><\/p>\n<p>A continuaci\u00f3n indicamos c\u00f3mo acceder a una cookie determinada del navegador<\/p>\n<p>&nbsp;<\/p>\n<p><b>Chrome.<\/b><\/p>\n<p>Nota: estos pasos pueden variar en funci\u00f3n de la versi\u00f3n del navegador:<\/p>\n<ol>\n<li aria-level=\"1\">Ve a Configuraci\u00f3n o Preferencias mediante el men\u00fa Archivo o bien haciendo clic en el icono de personalizaci\u00f3n que aparece arriba a la derecha.<\/li>\n<li aria-level=\"1\">Ver\u00e1s diferentes secciones, haz clic en la opci\u00f3n Mostrar opciones avanzadas.<\/li>\n<li aria-level=\"1\">Ir a Privacidad, Configuraci\u00f3n de contenido.<\/li>\n<li aria-level=\"1\">Seleccionar Todas las cookies y los datos de lugares.<\/li>\n<li aria-level=\"1\">Aparecer\u00e1 un listado con todas las cookies ordenadas por dominio. \u00bfPor qu\u00e9 te sea m\u00e1s f\u00e1cil encontrar las cookies de un determinado dominio introduce parcial o totalmente la direcci\u00f3n en el campo Buscar cookies.<\/li>\n<li aria-level=\"1\">Despu\u00e9s de realizar este filtro aparecer\u00e1n en pantalla una o varias l\u00edneas con las cookies de la web solicitada. Ahora s\u00f3lo tienes que seleccionarla y pulsar la X para proceder a su eliminaci\u00f3n.<\/li>\n<\/ol>\n<p>Para acceder a la configuraci\u00f3n de cookies del navegador <b>Internet Explorer<\/b> sigue estos pasos (pueden variar en funci\u00f3n de la versi\u00f3n del navegador):<\/p>\n<ol>\n<li aria-level=\"1\">Ir a Herramientas, Opciones de Internet<\/li>\n<li aria-level=\"1\">Haz clic en Privacidad.<\/li>\n<li aria-level=\"1\">Mueve la barra de desplazamiento hasta ajustar el nivel de privacidad que desees.<\/li>\n<\/ol>\n<p>Para acceder a la configuraci\u00f3n de cookies del navegador <b>Firefox<\/b> sigue estos pasos (pueden variar en funci\u00f3n de la versi\u00f3n del navegador):<\/p>\n<ol>\n<li aria-level=\"1\">Ir a Opciones o Preferencias seg\u00fan tu sistema operativo.<\/li>\n<li aria-level=\"1\">Haz clic en Privacidad.<\/li>\n<li aria-level=\"1\">En Historial elige Usar una configuraci\u00f3n<\/li>\n<li aria-level=\"1\">Ahora ver\u00e1s la opci\u00f3n Aceptar cookies; puedes activarla o desactivarla seg\u00fan tus preferencias.<\/li>\n<\/ol>\n<p>Para acceder a la configuraci\u00f3n de cookies del navegador <b>Safari para OSX<\/b> sigue estos pasos (pueden variar en funci\u00f3n de la versi\u00f3n del navegador):<\/p>\n<ol>\n<li aria-level=\"1\">Ir a Preferencias, despu\u00e9s Privacidad.<\/li>\n<li aria-level=\"1\">En este lugar ver\u00e1s la opci\u00f3n Bloquear cookies donde puedes ajustar el tipo de bloqueo que usted desee realizar.<\/li>\n<\/ol>\n<p>Para acceder a la configuraci\u00f3n de cookies del navegador <b>Safari para iOS<\/b> sigue estos pasos (pueden variar en funci\u00f3n de la versi\u00f3n del navegador):<\/p>\n<ol>\n<li aria-level=\"1\">Ve a Ajustes, luego Safari.<\/li>\n<li aria-level=\"1\">Ir a Privacidad y Seguridad, ver\u00e1s la opci\u00f3n Bloquear cookies; puedes ajustar el tipo de bloqueo que usted desee realizar.<\/li>\n<\/ol>\n<p>Para acceder a la configuraci\u00f3n de cookies del navegador para dispositivos <b>Android <\/b>sigue estos pasos (pueden variar en funci\u00f3n de la versi\u00f3n del navegador):<\/p>\n<ol>\n<li aria-level=\"1\">Ejecuta el navegador y pulsa la tecla Men\u00fa, luego Ajustes.<\/li>\n<li aria-level=\"1\">Ir a Confidencialidad, ver\u00e1s la opci\u00f3n Aceptar cookies para que actives o desactives la casilla.<\/li>\n<\/ol>\n<p>Para acceder a la configuraci\u00f3n de cookies del navegador para dispositivos <b>Windows Phone <\/b>sigue estos pasos (pueden variar en funci\u00f3n de la versi\u00f3n del navegador):<\/p>\n<ol>\n<li aria-level=\"1\">Abre Internet Explorer, despu\u00e9s M\u00e1s, luego Configuraci\u00f3n<\/li>\n<li aria-level=\"1\">Ahora puedes activar o desactivar la casilla Permitir cookies.<\/li>\n<\/ol>\n<p>&nbsp;<\/p>\n<p><b>Tipo de cookies utilizadas en la web www.noufoc.cat<\/b><\/p>\n<p>Siguiendo las directrices de la Agencia Espa\u00f1ola de Protecci\u00f3n de Datos (AEPD) procedemos a detallar el uso de cookies que hace esta web con el fin de informarte con la m\u00e1xima exactitud posible. A continuaci\u00f3n, se describen con mayor detalle los tipos espec\u00edficos de cookies utilizadas en nuestra P\u00e1gina:<\/p>\n<div class=\"cky-audit-table-element\"><\/div>\n","protected":false},"excerpt":{"rendered":"<p>\u00bfQu\u00e9 es una cookie? Una cookie es un archivo de [&hellip;]<\/p>\n","protected":false},"author":1,"featured_media":0,"parent":0,"menu_order":0,"comment_status":"closed","ping_status":"closed","template":"","meta":{"footnotes":""},"class_list":["post-143","page","type-page","status-publish","hentry"],"yoast_head":"<!-- This site is optimized with the Yoast SEO plugin v21.7 - https:\/\/yoast.com\/wordpress\/plugins\/seo\/ -->\n<title>Pol\u00edtica de Cookies - Noufoc<\/title>\n<meta name=\"robots\" content=\"index, follow, max-snippet:-1, max-image-preview:large, max-video-preview:-1\" \/>\n<link rel=\"canonical\" href=\"https:\/\/noufoc.cat\/es\/politica-de-cookies\/\" \/>\n<meta property=\"og:locale\" content=\"es_ES\" \/>\n<meta property=\"og:type\" content=\"article\" \/>\n<meta property=\"og:title\" content=\"Pol\u00edtica de Cookies - Noufoc\" \/>\n<meta property=\"og:description\" content=\"\u00bfQu\u00e9 es una cookie? Una cookie es un archivo de [&hellip;]\" \/>\n<meta property=\"og:url\" content=\"https:\/\/noufoc.cat\/es\/politica-de-cookies\/\" \/>\n<meta property=\"og:site_name\" content=\"Noufoc\" \/>\n<meta property=\"article:modified_time\" content=\"2023-11-06T09:30:33+00:00\" \/>\n<meta name=\"twitter:card\" content=\"summary_large_image\" \/>\n<meta name=\"twitter:label1\" content=\"Tiempo de lectura\" \/>\n\t<meta name=\"twitter:data1\" content=\"7 minutos\" \/>\n<script type=\"application\/ld+json\" class=\"yoast-schema-graph\">{\"@context\":\"https:\/\/schema.org\",\"@graph\":[{\"@type\":\"WebPage\",\"@id\":\"https:\/\/noufoc.cat\/es\/politica-de-cookies\/\",\"url\":\"https:\/\/noufoc.cat\/es\/politica-de-cookies\/\",\"name\":\"Pol\u00edtica de Cookies - Noufoc\",\"isPartOf\":{\"@id\":\"https:\/\/noufoc.cat\/#website\"},\"datePublished\":\"2021-04-07T13:35:48+00:00\",\"dateModified\":\"2023-11-06T09:30:33+00:00\",\"breadcrumb\":{\"@id\":\"https:\/\/noufoc.cat\/es\/politica-de-cookies\/#breadcrumb\"},\"inLanguage\":\"es\",\"potentialAction\":[{\"@type\":\"ReadAction\",\"target\":[\"https:\/\/noufoc.cat\/es\/politica-de-cookies\/\"]}]},{\"@type\":\"BreadcrumbList\",\"@id\":\"https:\/\/noufoc.cat\/es\/politica-de-cookies\/#breadcrumb\",\"itemListElement\":[{\"@type\":\"ListItem\",\"position\":1,\"name\":\"Inici\",\"item\":\"https:\/\/noufoc.cat\/es\/\"},{\"@type\":\"ListItem\",\"position\":2,\"name\":\"Pol\u00edtica de Cookies\"}]},{\"@type\":\"WebSite\",\"@id\":\"https:\/\/noufoc.cat\/#website\",\"url\":\"https:\/\/noufoc.cat\/\",\"name\":\"Noufoc\",\"description\":\"Xemeneies\",\"potentialAction\":[{\"@type\":\"SearchAction\",\"target\":{\"@type\":\"EntryPoint\",\"urlTemplate\":\"https:\/\/noufoc.cat\/?s={search_term_string}\"},\"query-input\":\"required name=search_term_string\"}],\"inLanguage\":\"es\"}]}<\/script>\n<!-- \/ Yoast SEO plugin. -->","yoast_head_json":{"title":"Pol\u00edtica de Cookies - Noufoc","robots":{"index":"index","follow":"follow","max-snippet":"max-snippet:-1","max-image-preview":"max-image-preview:large","max-video-preview":"max-video-preview:-1"},"canonical":"https:\/\/noufoc.cat\/es\/politica-de-cookies\/","og_locale":"es_ES","og_type":"article","og_title":"Pol\u00edtica de Cookies - Noufoc","og_description":"\u00bfQu\u00e9 es una cookie? Una cookie es un archivo de [&hellip;]","og_url":"https:\/\/noufoc.cat\/es\/politica-de-cookies\/","og_site_name":"Noufoc","article_modified_time":"2023-11-06T09:30:33+00:00","twitter_card":"summary_large_image","twitter_misc":{"Tiempo de lectura":"7 minutos"},"schema":{"@context":"https:\/\/schema.org","@graph":[{"@type":"WebPage","@id":"https:\/\/noufoc.cat\/es\/politica-de-cookies\/","url":"https:\/\/noufoc.cat\/es\/politica-de-cookies\/","name":"Pol\u00edtica de Cookies - Noufoc","isPartOf":{"@id":"https:\/\/noufoc.cat\/#website"},"datePublished":"2021-04-07T13:35:48+00:00","dateModified":"2023-11-06T09:30:33+00:00","breadcrumb":{"@id":"https:\/\/noufoc.cat\/es\/politica-de-cookies\/#breadcrumb"},"inLanguage":"es","potentialAction":[{"@type":"ReadAction","target":["https:\/\/noufoc.cat\/es\/politica-de-cookies\/"]}]},{"@type":"BreadcrumbList","@id":"https:\/\/noufoc.cat\/es\/politica-de-cookies\/#breadcrumb","itemListElement":[{"@type":"ListItem","position":1,"name":"Inici","item":"https:\/\/noufoc.cat\/es\/"},{"@type":"ListItem","position":2,"name":"Pol\u00edtica de Cookies"}]},{"@type":"WebSite","@id":"https:\/\/noufoc.cat\/#website","url":"https:\/\/noufoc.cat\/","name":"Noufoc","description":"Xemeneies","potentialAction":[{"@type":"SearchAction","target":{"@type":"EntryPoint","urlTemplate":"https:\/\/noufoc.cat\/?s={search_term_string}"},"query-input":"required name=search_term_string"}],"inLanguage":"es"}]}},"_links":{"self":[{"href":"https:\/\/noufoc.cat\/es\/wp-json\/wp\/v2\/pages\/143","targetHints":{"allow":["GET"]}}],"collection":[{"href":"https:\/\/noufoc.cat\/es\/wp-json\/wp\/v2\/pages"}],"about":[{"href":"https:\/\/noufoc.cat\/es\/wp-json\/wp\/v2\/types\/page"}],"author":[{"embeddable":true,"href":"https:\/\/noufoc.cat\/es\/wp-json\/wp\/v2\/users\/1"}],"replies":[{"embeddable":true,"href":"https:\/\/noufoc.cat\/es\/wp-json\/wp\/v2\/comments?post=143"}],"version-history":[{"count":3,"href":"https:\/\/noufoc.cat\/es\/wp-json\/wp\/v2\/pages\/143\/revisions"}],"predecessor-version":[{"id":1186,"href":"https:\/\/noufoc.cat\/es\/wp-json\/wp\/v2\/pages\/143\/revisions\/1186"}],"wp:attachment":[{"href":"https:\/\/noufoc.cat\/es\/wp-json\/wp\/v2\/media?parent=143"}],"curies":[{"name":"wp","href":"https:\/\/api.w.org\/{rel}","templated":true}]}}