{"id":141,"date":"2021-04-07T15:34:59","date_gmt":"2021-04-07T13:34:59","guid":{"rendered":"https:\/\/noufoc.cat\/avis-legal\/"},"modified":"2021-04-08T14:43:26","modified_gmt":"2021-04-08T12:43:26","slug":"aviso-legal","status":"publish","type":"page","link":"https:\/\/noufoc.cat\/es\/aviso-legal\/","title":{"rendered":"Aviso Legal"},"content":{"rendered":"<p><b>Identificaci\u00f3n del titular<\/b><\/p>\n<p>Noufoc SL con domicilio social en la Calle Bonavista, 1E de Sant Hilari Sacalm, NIF B55355564; tel\u00e9fono de contacto 972869524 y correo electr\u00f3nico info@noufoc.cat.<\/p>\n<p>&nbsp;<\/p>\n<p><b>Condiciones de uso<\/b><\/p>\n<p>El acceso a este sitio web implica la aceptaci\u00f3n de estas condiciones de uso, sin reservas, que regulan el acceso y la utilizaci\u00f3n del mismo para poner a disposici\u00f3n de los usuarios informaci\u00f3n sobre nuestros servicios.<\/p>\n<p>Se proh\u00edbe expresamente la utilizaci\u00f3n de los contenidos de este sitio web para su utilizaci\u00f3n con fines comerciales o para su distribuci\u00f3n, transformaci\u00f3n o comunicaci\u00f3n. Noufoc SL no responder\u00e1 de ninguna consecuencia, da\u00f1o o perjuicio que pudieran derivarse de dicha utilizaci\u00f3n o uso de la informaci\u00f3n.<\/p>\n<p>Tanto el acceso a esta web como el uso que pueda hacerse de la informaci\u00f3n contenida es de la exclusiva responsabilidad de quien lo realiza.<\/p>\n<p>El usuario se obliga a no utilizar la informaci\u00f3n que se publica en esta web con fines o efectos il\u00edcitos o lesivos, a no da\u00f1ar o inutilizar la informaci\u00f3n ya no realizar cualquier otra acci\u00f3n que puedan ser contraria al contenido de este Aviso Legal.<\/p>\n<p>Noufoc SL se reserva el derecho a modificar los contenidos cuando lo considere oportuno y mantenerlos actualizados.<\/p>\n<p>Noufoc SL no puede asegurar la inexistencia de interrupciones o errores en el acceso a este sitio web, aunque pondr\u00e1 sus mayores esfuerzos para evitarlos.<\/p>\n<p>&nbsp;<\/p>\n<p><b>Disponibilidad de la informaci\u00f3n<\/b><\/p>\n<p>Noufoc SL no puede garantizar plenamente el funcionamiento de la red de comunicaciones y, por tanto, no asume responsabilidad alguna sobre la disponibilidad de su servidor web. El servidor podr\u00e1 ser desconectado sin previo aviso en caso de necesidad para tareas de mantenimiento, aunque se har\u00e1n todos los esfuerzos para que el impacto en la disponibilidad de este sitio web sea el m\u00ednimo posible.<\/p>\n<p>Noufoc SL no se responsabiliza de ning\u00fan da\u00f1o o perjuicio sufrido por el usuario que se derive del acceso a este sitio web o del uso de informaci\u00f3n o aplicaciones en el contenidos.<\/p>\n<p>&nbsp;<\/p>\n<p><b>Limitaci\u00f3n de responsabilidades<\/b><\/p>\n<p>El titular declina cualquier responsabilidad por los eventuales da\u00f1os y perjuicios que se puedan ocasionar al usuario debido a:<\/p>\n<p>la existencia de errores en el acceso al Portal, en su contenido o la falta de actualizaci\u00f3n del mismo,<\/p>\n<p>la presencia de virus, u otros elementos en la Web que puedan producir alteraciones en el sistema inform\u00e1tico del usuario,<\/p>\n<p>la falta de disponibilidad y \/ o continuidad del portal o de los servicios que se ofrecen en el mismo,<\/p>\n<p>que las transmisiones de informaci\u00f3n a trav\u00e9s de Internet no sean totalmente seguras.<\/p>\n<p>contingencias en la transmisi\u00f3n de informaci\u00f3n, como p\u00e9rdida de datos o accesos no autorizados.<\/p>\n<p>&nbsp;<\/p>\n<p><b>Cookies<\/b><\/p>\n<p>El acceso a este sitio web puede implicar la utilizaci\u00f3n de cookies. Las cookies son peque\u00f1as cantidades de informaci\u00f3n que se almacenan en el navegador utilizado por cada usuario para que el servidor recuerde cierta informaci\u00f3n que posteriormente \u00fanicamente el servidor que la implement\u00f3 leer\u00e1; tales como el idioma, \u00faltima b\u00fasqueda de disponibilidad, sitio web de referencia, etc. Las cookies tienen, generalmente, una duraci\u00f3n limitada en el tiempo.<\/p>\n<p>Ninguna cookie de este sitio web permite que pueda contactarse con el n\u00famero de tel\u00e9fono del usuario, su direcci\u00f3n de correo electr\u00f3nico o con cualquier otro medio de contacto. Ninguna cookie de este sitio web puede extraer informaci\u00f3n del disco duro del usuario o robar informaci\u00f3n personal. Aquellos usuarios que no deseen recibir cookies o quieran ser informados de su fijaci\u00f3n pueden configurar su navegador a tal efecto, pero hay que saber que si lo hace puede ser que no pueda usar la plena funcionalidad de este website.<\/p>\n<p>&nbsp;<\/p>\n<p><b>Legislaci\u00f3n y jurisdicci\u00f3n aplicable<\/b><\/p>\n<p>Para cualquier controversia relacionada con el presente aviso legal las partes aceptan el sometimiento expreso a los juzgados del domicilio fiscal de Noufoc y la legislaci\u00f3n estatal y auton\u00f3mica correspondiente.<\/p>\n","protected":false},"excerpt":{"rendered":"<p>Identificaci\u00f3n del titular Noufoc SL con domicilio social en la [&hellip;]<\/p>\n","protected":false},"author":1,"featured_media":0,"parent":0,"menu_order":0,"comment_status":"closed","ping_status":"closed","template":"","meta":{"footnotes":""},"class_list":["post-141","page","type-page","status-publish","hentry"],"yoast_head":"<!-- This site is optimized with the Yoast SEO plugin v21.7 - https:\/\/yoast.com\/wordpress\/plugins\/seo\/ -->\n<title>Aviso Legal - Noufoc<\/title>\n<meta name=\"robots\" content=\"index, follow, max-snippet:-1, max-image-preview:large, max-video-preview:-1\" \/>\n<link rel=\"canonical\" href=\"https:\/\/noufoc.cat\/es\/aviso-legal\/\" \/>\n<meta property=\"og:locale\" content=\"es_ES\" \/>\n<meta property=\"og:type\" content=\"article\" \/>\n<meta property=\"og:title\" content=\"Aviso Legal - Noufoc\" \/>\n<meta property=\"og:description\" content=\"Identificaci\u00f3n del titular Noufoc SL con domicilio social en la [&hellip;]\" \/>\n<meta property=\"og:url\" content=\"https:\/\/noufoc.cat\/es\/aviso-legal\/\" \/>\n<meta property=\"og:site_name\" content=\"Noufoc\" \/>\n<meta property=\"article:modified_time\" content=\"2021-04-08T12:43:26+00:00\" \/>\n<meta name=\"twitter:card\" content=\"summary_large_image\" \/>\n<meta name=\"twitter:label1\" content=\"Tiempo de lectura\" \/>\n\t<meta name=\"twitter:data1\" content=\"3 minutos\" \/>\n<script type=\"application\/ld+json\" class=\"yoast-schema-graph\">{\"@context\":\"https:\/\/schema.org\",\"@graph\":[{\"@type\":\"WebPage\",\"@id\":\"https:\/\/noufoc.cat\/es\/aviso-legal\/\",\"url\":\"https:\/\/noufoc.cat\/es\/aviso-legal\/\",\"name\":\"Aviso Legal - Noufoc\",\"isPartOf\":{\"@id\":\"https:\/\/noufoc.cat\/#website\"},\"datePublished\":\"2021-04-07T13:34:59+00:00\",\"dateModified\":\"2021-04-08T12:43:26+00:00\",\"breadcrumb\":{\"@id\":\"https:\/\/noufoc.cat\/es\/aviso-legal\/#breadcrumb\"},\"inLanguage\":\"es\",\"potentialAction\":[{\"@type\":\"ReadAction\",\"target\":[\"https:\/\/noufoc.cat\/es\/aviso-legal\/\"]}]},{\"@type\":\"BreadcrumbList\",\"@id\":\"https:\/\/noufoc.cat\/es\/aviso-legal\/#breadcrumb\",\"itemListElement\":[{\"@type\":\"ListItem\",\"position\":1,\"name\":\"Inici\",\"item\":\"https:\/\/noufoc.cat\/es\/\"},{\"@type\":\"ListItem\",\"position\":2,\"name\":\"Aviso Legal\"}]},{\"@type\":\"WebSite\",\"@id\":\"https:\/\/noufoc.cat\/#website\",\"url\":\"https:\/\/noufoc.cat\/\",\"name\":\"Noufoc\",\"description\":\"Xemeneies\",\"potentialAction\":[{\"@type\":\"SearchAction\",\"target\":{\"@type\":\"EntryPoint\",\"urlTemplate\":\"https:\/\/noufoc.cat\/?s={search_term_string}\"},\"query-input\":\"required name=search_term_string\"}],\"inLanguage\":\"es\"}]}<\/script>\n<!-- \/ Yoast SEO plugin. -->","yoast_head_json":{"title":"Aviso Legal - Noufoc","robots":{"index":"index","follow":"follow","max-snippet":"max-snippet:-1","max-image-preview":"max-image-preview:large","max-video-preview":"max-video-preview:-1"},"canonical":"https:\/\/noufoc.cat\/es\/aviso-legal\/","og_locale":"es_ES","og_type":"article","og_title":"Aviso Legal - Noufoc","og_description":"Identificaci\u00f3n del titular Noufoc SL con domicilio social en la [&hellip;]","og_url":"https:\/\/noufoc.cat\/es\/aviso-legal\/","og_site_name":"Noufoc","article_modified_time":"2021-04-08T12:43:26+00:00","twitter_card":"summary_large_image","twitter_misc":{"Tiempo de lectura":"3 minutos"},"schema":{"@context":"https:\/\/schema.org","@graph":[{"@type":"WebPage","@id":"https:\/\/noufoc.cat\/es\/aviso-legal\/","url":"https:\/\/noufoc.cat\/es\/aviso-legal\/","name":"Aviso Legal - Noufoc","isPartOf":{"@id":"https:\/\/noufoc.cat\/#website"},"datePublished":"2021-04-07T13:34:59+00:00","dateModified":"2021-04-08T12:43:26+00:00","breadcrumb":{"@id":"https:\/\/noufoc.cat\/es\/aviso-legal\/#breadcrumb"},"inLanguage":"es","potentialAction":[{"@type":"ReadAction","target":["https:\/\/noufoc.cat\/es\/aviso-legal\/"]}]},{"@type":"BreadcrumbList","@id":"https:\/\/noufoc.cat\/es\/aviso-legal\/#breadcrumb","itemListElement":[{"@type":"ListItem","position":1,"name":"Inici","item":"https:\/\/noufoc.cat\/es\/"},{"@type":"ListItem","position":2,"name":"Aviso Legal"}]},{"@type":"WebSite","@id":"https:\/\/noufoc.cat\/#website","url":"https:\/\/noufoc.cat\/","name":"Noufoc","description":"Xemeneies","potentialAction":[{"@type":"SearchAction","target":{"@type":"EntryPoint","urlTemplate":"https:\/\/noufoc.cat\/?s={search_term_string}"},"query-input":"required name=search_term_string"}],"inLanguage":"es"}]}},"_links":{"self":[{"href":"https:\/\/noufoc.cat\/es\/wp-json\/wp\/v2\/pages\/141","targetHints":{"allow":["GET"]}}],"collection":[{"href":"https:\/\/noufoc.cat\/es\/wp-json\/wp\/v2\/pages"}],"about":[{"href":"https:\/\/noufoc.cat\/es\/wp-json\/wp\/v2\/types\/page"}],"author":[{"embeddable":true,"href":"https:\/\/noufoc.cat\/es\/wp-json\/wp\/v2\/users\/1"}],"replies":[{"embeddable":true,"href":"https:\/\/noufoc.cat\/es\/wp-json\/wp\/v2\/comments?post=141"}],"version-history":[{"count":1,"href":"https:\/\/noufoc.cat\/es\/wp-json\/wp\/v2\/pages\/141\/revisions"}],"predecessor-version":[{"id":142,"href":"https:\/\/noufoc.cat\/es\/wp-json\/wp\/v2\/pages\/141\/revisions\/142"}],"wp:attachment":[{"href":"https:\/\/noufoc.cat\/es\/wp-json\/wp\/v2\/media?parent=141"}],"curies":[{"name":"wp","href":"https:\/\/api.w.org\/{rel}","templated":true}]}}